{"id":102751,"date":"2019-07-11T10:18:43","date_gmt":"2019-07-11T08:18:43","guid":{"rendered":"http:\/\/www.splash-demos.it\/pula\/?page_id=102751"},"modified":"2019-07-11T10:18:43","modified_gmt":"2019-07-11T08:18:43","slug":"zugang","status":"publish","type":"page","link":"https:\/\/www.visitpula.info\/de\/zugang\/","title":{"rendered":"Zugang"},"content":{"rendered":"<p>Die Website <strong>www.visitpula.info<\/strong> der Gemeinde Pula wurde in \u00dcbereinstimmung mit den technischen Anforderungen entworfen und entwickelt, die in der italienischen Gesetzgebung \u00fcber die Zug\u00e4nglichkeit von Internetseiten durch das <a href=\"https:\/\/www.gazzettaufficiale.it\/eli\/id\/2013\/09\/16\/13A07492\/sg\" target=\"_blanck\" rel=\"noopener noreferrer\">Dekret vom 8. Juli 2005 des Gesetzes 4\/2004 festgelegt und durch das Ministerialdekret vom 20. M\u00e4rz aktualisiert wurden 2013<\/a>.<br \/>\nAlle Seiten dieser Website wurden gem\u00e4\u00df den <a href=\"https:\/\/www.agid.gov.it\/it\/design-servizi\/accessibilita-siti-web\" target=\"_blanck\" rel=\"noopener noreferrer\">Gestaltungsrichtlinien f\u00fcr Webdienste der PA<\/a> der AGID Agency for Digital Italy entwickelt.<\/p>\n<p>Durch die Verwendung externer Stylesheets werden Stil- und Pr\u00e4sentationsaspekte (wie Farben, Hintergr\u00fcnde usw.) von den Inhalten der Seiten getrennt. Auf diese Weise k\u00f6nnen Benutzer, die Browser verwenden, die Stylesheets nicht oder nur teilweise unterst\u00fctzen, den Inhalt weiterhin genie\u00dfen.<br \/>\nAlle im Seitencode enthaltenen Elemente und Attribute wurden semantisch verwendet. Daher haben die Seiten eine logische Struktur, in der die verschiedenen Elemente der Seite entsprechend ihrer Funktion gekennzeichnet sind. Beispielsweise sind die Titel, Untertitel, Abs\u00e4tze, Listen, Tabellen usw. mit den entsprechenden Elementen des HTML-Codes gekennzeichnet.<\/p>\n<p>Dar\u00fcber hinaus wurde die Website <strong>www.visitpula.info<\/strong> der Gemeinde Pula in \u00dcbereinstimmung mit den Richtlinien und Empfehlungen der Web Accessibility Initiative (WAI) f\u00fcr IT-Tools erstellt. Die Anforderungen an die Barrierefreiheit und die verschiedenen Kontrollpunkte f\u00fcr die \u00dcberpr\u00fcfung wurden auf der Grundlage der Richtlinien und der Erfolgskriterien definiert, die in den Richtlinien f\u00fcr die <a href=\"https:\/\/www.w3.org\/Translations\/WCAG20-it\/#text-equiv\" target=\"_blanck\" rel=\"noopener noreferrer\">Barrierefreiheit von Webinhalten 2.0 (WCAG 2.0) vom 11. Dezember 2008 enthalten sind<\/a>.<\/p>\n<p>Diese Richtlinien erfordern eine Website:<\/p>\n<ul>\n<li><strong>Prinzip 1 &#8211; wahrnehmbar:<\/strong><br \/>\nDie Informationen und Komponenten der Benutzeroberfl\u00e4che m\u00fcssen so dargestellt werden, dass sie \u00fcber verschiedene sensorische Kan\u00e4le genutzt werden k\u00f6nnen.<\/li>\n<li><strong>Prinzip 2 &#8211; verwendbar:<\/strong><br \/>\nDie Komponenten der Benutzeroberfl\u00e4che und die darin enthaltenen Befehle m\u00fcssen ohne ungerechtfertigte Unannehmlichkeiten oder Einschr\u00e4nkungen f\u00fcr den Benutzer verwendbar sein.<\/li>\n<li><strong>Prinzip 3 &#8211; verst\u00e4ndlich:<\/strong><br \/>\nBenutzer m\u00fcssen in der Lage sein, die Funktionsweise der Benutzeroberfl\u00e4che und die darin enthaltenen Aktionen zu verstehen, die zum Abrufen von Diensten und Informationen erforderlich sind.<\/li>\n<li><strong>Prinzip 4 &#8211; robust:<\/strong><br \/>\nDer Inhalt muss robust genug sein, um von einer Vielzahl von vom Benutzer verwendeten Programmen, einschlie\u00dflich unterst\u00fctzender Technologien, zuverl\u00e4ssig interpretiert zu werden.<\/li>\n<\/ul>\n<p>Um diesen Richtlinien zu entsprechen, erf\u00fcllt die Website die folgenden Anforderungen:<\/p>\n<ul>\n<li><strong>Anforderung 1 &#8211; Textuelle Alternativen:<\/strong><br \/>\nAlle Nicht-Text-Inhalte, die dem Benutzer pr\u00e4sentiert werden, haben eine gleichwertige Textalternative, die dem gleichen Zweck dient.<\/li>\n<li><strong>Anforderung 2 &#8211; Zeitgesteuerte Medientypen:<\/strong><br \/>\nF\u00fcr die Arten von vorregistrierten Medien, die nur Audio und Video enthalten, wird ein Dokument bereitgestellt, das die korrekte Textbeschreibung in der Reihenfolge der Audioereignisse und enth\u00e4lt, sofern diese Medien keine alternative Art von Medien zu einem klar als solche gekennzeichneten Textinhalt darstellen Video, das die M\u00f6glichkeit bietet, die gleichen Ergebnisse wie eine zeitgesteuerte Interaktion zu erzielen.<\/li>\n<li><strong>Anforderung 3 &#8211; Anpassbar:<\/strong><br \/>\nDie Website ist ansprechend und f\u00fcr die Anzeige auf einer Vielzahl von Ger\u00e4ten, von Smartphones \u00fcber Tablets bis hin zu Desktop-PCs oder SmartTVs, ausgelagert und optimiert.<\/li>\n<li><strong>Anforderung 4 &#8211; Unterscheidbar:<\/strong><br \/>\nDie Wahl der Farben wurde getroffen, indem der ausreichende Kontrast zwischen dem Text im Vordergrund und dem Hintergrund \u00fcberpr\u00fcft wurde. Soundinhalte k\u00f6nnen unterbrochen, gestartet oder angehalten werden. Die Gr\u00f6\u00dfe von Texten kann ge\u00e4ndert werden, ohne dass die Lesbarkeit oder die Paginierung beeintr\u00e4chtigt wird.<\/li>\n<li><strong>Anforderung 5 &#8211; Zugriff \u00fcber die Tastatur:<\/strong><br \/>\nSie k\u00f6nnen den Fokus auf der Seite von einer Komponente zu einer anderen verschieben und mit der Tabulatortaste (vorw\u00e4rts), Umschalttaste + Tabulatortaste (r\u00fcckw\u00e4rts) und der Eingabetaste navigieren, um einen ausgew\u00e4hlten Link zu \u00f6ffnen.<\/li>\n<li><strong>Anforderung 6 &#8211; Angemessene zeitliche Verf\u00fcgbarkeit:<\/strong><br \/>\nWebseiten enthalten keine Elemente, die Zeitlimits f\u00fcr den Abschluss von Benutzeraktivit\u00e4ten erfordern.<\/li>\n<li><strong>Anforderung 7 &#8211; Kr\u00e4mpfe:<\/strong><br \/>\nWebseiten enthalten nichts, was mehr als dreimal pro Sekunde blinkt.<\/li>\n<li><strong>Anforderung 8 &#8211; navigierbar:<\/strong><br \/>\nJede Seite hat einen Titel, der das Thema und die Funktionalit\u00e4t beschreibt. Alle Links auf der Seite k\u00f6nnen nacheinander mit der Tastatur durch die Registerkarten Vorw\u00e4rts und Umschalt + Zur\u00fcck navigiert werden. Der ausgew\u00e4hlte Link wird durch einen Unterstrich gekennzeichnet. Der ausgew\u00e4hlte Link kann durch Dr\u00fccken der Eingabetaste auf der Tastatur aufgerufen werden. Alle Inhaltsbl\u00f6cke und interaktiven Komponenten sind durch entsprechende Titel und beschreibende Bezeichnungen gekennzeichnet, die den Zweck verdeutlichen.<\/li>\n<li><strong>Anforderung 9 &#8211; Lesbar:<\/strong><br \/>\nDie Standardsprache der Website ist Italienisch. Die Website-Navigation in anderen Sprachen ist in der Men\u00fcleiste verf\u00fcgbar.<\/li>\n<li><strong>Anforderung 10 &#8211; Vorhersehbar:<\/strong><br \/>\nBei dem einfachen Fokus \u00e4ndert oder aktiviert kein Element des Portals irgendeine Funktionalit\u00e4t. Die Navigation ist in Bezug auf Stil und Positionierung der Elemente in allen Bereichen des Portals einheitlich. Elemente mit derselben Funktionalit\u00e4t, wie z. B. Schaltfl\u00e4chen oder Formulare, behalten in allen Bereichen des Portals denselben Stil und dieselbe Bedeutung bei.<\/li>\n<li><strong>Anforderung 11 &#8211; Unterst\u00fctzung bei der Einf\u00fcgung:<\/strong><br \/>\nWenn der Benutzer eine Aktion anfordert, erh\u00e4lt ein Etikett immer Anweisungen f\u00fcr die korrekte Ausf\u00fchrung. Wenn ein Fehler festgestellt wird, wird immer ein Vorschlag zur Behebung und Fortsetzung bereitgestellt. Alle Aktionen sind umkehrbar und die vom Benutzer eingegebenen Daten werden \u00fcberpr\u00fcft, so dass der Benutzer selbst die erforderlichen Korrekturen f\u00fcr Eingabefehler vornehmen kann.<\/li>\n<li><strong>Anforderung 12 &#8211; Kompatibel:<\/strong><br \/>\nDie Website ist mit allen g\u00e4ngigen Browserversionen (Safari, Firefox, Edge, Chrome, Opera, Android-Browser, iOS-Safari und Internet Explorer Version 10) kompatibel. F\u00fcr die veralteten Browser sind jedoch immer alternative lesbare Versionen verf\u00fcgbar.<\/li>\n<\/ul>\n","protected":false},"excerpt":{"rendered":"<p>Die Website www.visitpula.info der Gemeinde Pula wurde in \u00dcbereinstimmung mit den technischen Anforderungen entworfen und entwickelt, die in der italienischen Gesetzgebung \u00fcber die Zug\u00e4nglichkeit von Internetseiten durch das Dekret vom 8. Juli 2005 des Gesetzes 4\/2004 festgelegt und durch das Ministerialdekret vom 20. M\u00e4rz aktualisiert wurden 2013. Alle Seiten dieser Website wurden gem\u00e4\u00df den Gestaltungsrichtlinien f\u00fcr Webdienste der PA der AGID Agency for Digital Italy entwickelt. Durch die Verwendung externer Stylesheets werden Stil- und Pr\u00e4sentationsaspekte (wie Farben, Hintergr\u00fcnde usw.) von [&hellip;]<\/p>\n","protected":false},"author":1,"featured_media":0,"parent":0,"menu_order":0,"comment_status":"closed","ping_status":"closed","template":"","meta":{"footnotes":""},"class_list":["post-102751","page","type-page","status-publish","hentry"],"yoast_head":"<!-- This site is optimized with the Yoast SEO plugin v25.4 - https:\/\/yoast.com\/wordpress\/plugins\/seo\/ -->\n<title>Zugang - Visit Pula<\/title>\n<meta name=\"robots\" content=\"index, follow, max-snippet:-1, max-image-preview:large, max-video-preview:-1\" \/>\n<link rel=\"canonical\" href=\"https:\/\/www.visitpula.info\/it\/accessibilita\/\" \/>\n<meta property=\"og:locale\" content=\"de_DE\" \/>\n<meta property=\"og:type\" content=\"article\" \/>\n<meta property=\"og:title\" content=\"Zugang - Visit Pula\" \/>\n<meta property=\"og:description\" content=\"Die Website www.visitpula.info der Gemeinde Pula wurde in \u00dcbereinstimmung mit den technischen Anforderungen entworfen und entwickelt, die in der italienischen Gesetzgebung \u00fcber die Zug\u00e4nglichkeit von Internetseiten durch das Dekret vom 8. Juli 2005 des Gesetzes 4\/2004 festgelegt und durch das Ministerialdekret vom 20. M\u00e4rz aktualisiert wurden 2013. Alle Seiten dieser Website wurden gem\u00e4\u00df den Gestaltungsrichtlinien f\u00fcr Webdienste der PA der AGID Agency for Digital Italy entwickelt. Durch die Verwendung externer Stylesheets werden Stil- und Pr\u00e4sentationsaspekte (wie Farben, Hintergr\u00fcnde usw.) von [&hellip;]\" \/>\n<meta property=\"og:url\" content=\"https:\/\/www.visitpula.info\/it\/accessibilita\/\" \/>\n<meta property=\"og:site_name\" content=\"Visit Pula\" \/>\n<meta property=\"og:image\" content=\"https:\/\/www.visitpula.info\/wp-content\/uploads\/2019\/07\/ASpexi-230048-1024x683.jpg\" \/>\n\t<meta property=\"og:image:width\" content=\"1024\" \/>\n\t<meta property=\"og:image:height\" content=\"683\" \/>\n\t<meta property=\"og:image:type\" content=\"image\/jpeg\" \/>\n<meta name=\"twitter:card\" content=\"summary_large_image\" \/>\n<meta name=\"twitter:label1\" content=\"Gesch\u00e4tzte Lesezeit\" \/>\n\t<meta name=\"twitter:data1\" content=\"4\u00a0Minuten\" \/>\n<script type=\"application\/ld+json\" class=\"yoast-schema-graph\">{\"@context\":\"https:\/\/schema.org\",\"@graph\":[{\"@type\":\"WebPage\",\"@id\":\"https:\/\/www.visitpula.info\/it\/accessibilita\/\",\"url\":\"https:\/\/www.visitpula.info\/it\/accessibilita\/\",\"name\":\"Zugang - Visit Pula\",\"isPartOf\":{\"@id\":\"https:\/\/www.visitpula.info\/it\/#website\"},\"datePublished\":\"2019-07-11T08:18:43+00:00\",\"breadcrumb\":{\"@id\":\"https:\/\/www.visitpula.info\/it\/accessibilita\/#breadcrumb\"},\"inLanguage\":\"de\",\"potentialAction\":[{\"@type\":\"ReadAction\",\"target\":[\"https:\/\/www.visitpula.info\/it\/accessibilita\/\"]}]},{\"@type\":\"BreadcrumbList\",\"@id\":\"https:\/\/www.visitpula.info\/it\/accessibilita\/#breadcrumb\",\"itemListElement\":[{\"@type\":\"ListItem\",\"position\":1,\"name\":\"Home\",\"item\":\"https:\/\/www.visitpula.info\/de\/\"},{\"@type\":\"ListItem\",\"position\":2,\"name\":\"Zugang\"}]},{\"@type\":\"WebSite\",\"@id\":\"https:\/\/www.visitpula.info\/it\/#website\",\"url\":\"https:\/\/www.visitpula.info\/it\/\",\"name\":\"Visit Pula\",\"description\":\"Official Tourist Portal\",\"potentialAction\":[{\"@type\":\"SearchAction\",\"target\":{\"@type\":\"EntryPoint\",\"urlTemplate\":\"https:\/\/www.visitpula.info\/it\/?s={search_term_string}\"},\"query-input\":{\"@type\":\"PropertyValueSpecification\",\"valueRequired\":true,\"valueName\":\"search_term_string\"}}],\"inLanguage\":\"de\"}]}<\/script>\n<!-- \/ Yoast SEO plugin. -->","yoast_head_json":{"title":"Zugang - Visit Pula","robots":{"index":"index","follow":"follow","max-snippet":"max-snippet:-1","max-image-preview":"max-image-preview:large","max-video-preview":"max-video-preview:-1"},"canonical":"https:\/\/www.visitpula.info\/it\/accessibilita\/","og_locale":"de_DE","og_type":"article","og_title":"Zugang - Visit Pula","og_description":"Die Website www.visitpula.info der Gemeinde Pula wurde in \u00dcbereinstimmung mit den technischen Anforderungen entworfen und entwickelt, die in der italienischen Gesetzgebung \u00fcber die Zug\u00e4nglichkeit von Internetseiten durch das Dekret vom 8. Juli 2005 des Gesetzes 4\/2004 festgelegt und durch das Ministerialdekret vom 20. M\u00e4rz aktualisiert wurden 2013. Alle Seiten dieser Website wurden gem\u00e4\u00df den Gestaltungsrichtlinien f\u00fcr Webdienste der PA der AGID Agency for Digital Italy entwickelt. Durch die Verwendung externer Stylesheets werden Stil- und Pr\u00e4sentationsaspekte (wie Farben, Hintergr\u00fcnde usw.) von [&hellip;]","og_url":"https:\/\/www.visitpula.info\/it\/accessibilita\/","og_site_name":"Visit Pula","og_image":[{"width":1024,"height":683,"url":"https:\/\/www.visitpula.info\/wp-content\/uploads\/2019\/07\/ASpexi-230048-1024x683.jpg","type":"image\/jpeg"}],"twitter_card":"summary_large_image","twitter_misc":{"Gesch\u00e4tzte Lesezeit":"4\u00a0Minuten"},"schema":{"@context":"https:\/\/schema.org","@graph":[{"@type":"WebPage","@id":"https:\/\/www.visitpula.info\/it\/accessibilita\/","url":"https:\/\/www.visitpula.info\/it\/accessibilita\/","name":"Zugang - Visit Pula","isPartOf":{"@id":"https:\/\/www.visitpula.info\/it\/#website"},"datePublished":"2019-07-11T08:18:43+00:00","breadcrumb":{"@id":"https:\/\/www.visitpula.info\/it\/accessibilita\/#breadcrumb"},"inLanguage":"de","potentialAction":[{"@type":"ReadAction","target":["https:\/\/www.visitpula.info\/it\/accessibilita\/"]}]},{"@type":"BreadcrumbList","@id":"https:\/\/www.visitpula.info\/it\/accessibilita\/#breadcrumb","itemListElement":[{"@type":"ListItem","position":1,"name":"Home","item":"https:\/\/www.visitpula.info\/de\/"},{"@type":"ListItem","position":2,"name":"Zugang"}]},{"@type":"WebSite","@id":"https:\/\/www.visitpula.info\/it\/#website","url":"https:\/\/www.visitpula.info\/it\/","name":"Visit Pula","description":"Official Tourist Portal","potentialAction":[{"@type":"SearchAction","target":{"@type":"EntryPoint","urlTemplate":"https:\/\/www.visitpula.info\/it\/?s={search_term_string}"},"query-input":{"@type":"PropertyValueSpecification","valueRequired":true,"valueName":"search_term_string"}}],"inLanguage":"de"}]}},"_links":{"self":[{"href":"https:\/\/www.visitpula.info\/de\/wp-json\/wp\/v2\/pages\/102751","targetHints":{"allow":["GET"]}}],"collection":[{"href":"https:\/\/www.visitpula.info\/de\/wp-json\/wp\/v2\/pages"}],"about":[{"href":"https:\/\/www.visitpula.info\/de\/wp-json\/wp\/v2\/types\/page"}],"author":[{"embeddable":true,"href":"https:\/\/www.visitpula.info\/de\/wp-json\/wp\/v2\/users\/1"}],"replies":[{"embeddable":true,"href":"https:\/\/www.visitpula.info\/de\/wp-json\/wp\/v2\/comments?post=102751"}],"version-history":[{"count":3,"href":"https:\/\/www.visitpula.info\/de\/wp-json\/wp\/v2\/pages\/102751\/revisions"}],"predecessor-version":[{"id":102754,"href":"https:\/\/www.visitpula.info\/de\/wp-json\/wp\/v2\/pages\/102751\/revisions\/102754"}],"wp:attachment":[{"href":"https:\/\/www.visitpula.info\/de\/wp-json\/wp\/v2\/media?parent=102751"}],"curies":[{"name":"wp","href":"https:\/\/api.w.org\/{rel}","templated":true}]}}